{"id":1465,"date":"2018-07-02T19:59:52","date_gmt":"2018-07-02T22:59:52","guid":{"rendered":"https:\/\/ipat-bue.infd.edu.ar\/sitio\/datos-institucionales\/"},"modified":"2024-12-18T16:12:50","modified_gmt":"2024-12-18T19:12:50","slug":"datos-institucionales","status":"publish","type":"page","link":"https:\/\/ipat-bue.infd.edu.ar\/sitio\/datos-institucionales\/","title":{"rendered":"Datos institucionales"},"content":{"rendered":"<blockquote>\n<div>\n<ul>\n<li><strong>Instituto del Profesorado de Arte de Tandil N\u00ba 4 Escultor Carlos Allende<\/strong><\/li>\n<li><strong>Horarios de atenci\u00f3n: Lunes a viernes de 08:30 a 22:30 hs\u00a0 \u00a0 \u00a0 \u00a0 \u00a0 \u00a0 \u00a0 \u00a0 \u00a0 \u00a0 \u00a0 \u00a0 \u00a0 \u00a0 \u00a0 \u00a0 \u00a0 \u00a0 \u00a0 \u00a0 \u00a0 \u00a0 \u00a0 \u00a0 \u00a0 \u00a0\u00a0<\/strong><\/li>\n<li><strong>Direcci\u00f3n administraci\u00f3n:\u00a0 SEDE Suipacha y Ezeiza\u00a0\u00a0<\/strong><\/li>\n<\/ul>\n<p><span style=\"color: #000000;\">Informaci\u00f3n:<br \/>\n<a href=\"mailto:info@ipat.edu.ar\" target=\"_blank\" rel=\"noopener\">info@ipat.edu.ar<\/a><\/span><\/p>\n<\/div>\n<div><span style=\"color: #000000;\"><span style=\"color: #000000;\">Direcci\u00f3n:<br \/>\n<a href=\"mailto:direccion@ipat.edu.ar\" target=\"_blank\" rel=\"noopener\">direccion@ipat.edu.ar<\/a><\/span><\/span><\/div>\n<div><span style=\"color: #000000;\"><span style=\"color: #000000;\">Vicedirecci\u00f3n:<br \/>\n<a href=\"mailto:vicedireccion@ipat.edu.ar\" target=\"_blank\" rel=\"noopener\">vicedireccion@ipat.edu.ar<\/a><\/span><\/span><\/div>\n<div><span style=\"color: #000000;\"><span style=\"color: #000000;\">Regencia:<br \/>\n<a href=\"mailto:regencia@ipat.edu.ar\" target=\"_blank\" rel=\"noopener\">regencia@ipat.edu.ar<\/a><\/span><\/span><\/div>\n<div><span style=\"color: #000000;\">Secretar\u00eda:<br \/>\n<a href=\"mailto:secretaria@ipat.edu.ar\" target=\"_blank\" rel=\"noopener\">secretaria@ipat.edu.ar<\/a><\/span><\/div>\n<div><span style=\"color: #000000;\">\u00a0<\/span><\/div>\n<div><span style=\"color: #000000;\">Jefe de \u00c1rea de Fotograf\u00eda:<\/span><\/div>\n<div><span style=\"color: #000000;\"><a href=\"mailto:jefe.fotografia@ipat.edu.ar\" target=\"_blank\" rel=\"noopener\">jefe.fotografia@ipat.edu.ar<\/a><\/span><\/div>\n<div><span style=\"color: #000000;\">\u00a0<\/span><\/div>\n<div><span style=\"color: #000000;\">Jefe de \u00c1rea de Artes Visuales:<\/span><\/div>\n<div><span style=\"color: #000000;\"><a href=\"mailto:jefe.artesvisuales@ipat.edu.ar\" target=\"_blank\" rel=\"noopener\">jefe.artesvisuales@ipat.edu.ar<\/a><\/span><\/div>\n<div><span style=\"color: #000000;\">\u00a0<\/span><\/div>\n<div><span style=\"color: #000000;\"><span style=\"color: #000000;\">Jefe de \u00c1rea de Danzas:<br \/>\n<a href=\"mailto:jefe.danzas@ipat.edu.ar\" target=\"_blank\" rel=\"noopener\">jefe.danzas@ipat.edu.ar<\/a><\/span><\/span><\/div>\n<div><\/div>\n<div><span style=\"color: #000000;\">Jefe de \u00c1rea de Dise\u00f1o Gr\u00e1fico:<br \/>\n<\/span><\/div>\n<div><span style=\"color: #000000;\"><a href=\"mailto:jefe.diseniografico@ipat.edu.ar\" target=\"_blank\" rel=\"noopener\">jefe.diseniografico@ipat.edu.<wbr \/>ar<\/a><br \/>\n<\/span><\/div>\n<div><span style=\"color: #000000;\">\u00a0<\/span><\/div>\n<div><span style=\"color: #000000;\">Jefe de \u00c1rea de FOBA de Artes Visuales:<br \/>\n<\/span><\/div>\n<div><span style=\"color: #000000;\"><a href=\"mailto:jefe.foba.artesvisuales@ipat.edu.ar\" target=\"_blank\" rel=\"noopener\">jefe.foba.artesvisuales@ipat.<wbr \/>edu.ar<\/a><br \/>\n<\/span><\/div>\n<div><span style=\"color: #000000;\">\u00a0<\/span><\/div>\n<div><span style=\"color: #000000;\">Jefe de \u00c1rea de Ilustraci\u00f3n:<br \/>\n<\/span><\/div>\n<div><span style=\"color: #000000;\"><a href=\"mailto:jefe.ilustracion@ipat.edu.ar\" target=\"_blank\" rel=\"noopener\">jefe.ilustracion@ipat.edu.ar<\/a><\/span><\/div>\n<div><\/div>\n<\/blockquote>\n","protected":false},"excerpt":{"rendered":"<p>Instituto del Profesorado de Arte de Tandil N\u00ba 4 Escultor Carlos Allende Horarios de atenci\u00f3n: Lunes a viernes de 08:30 a 22:30 hs\u00a0 \u00a0 \u00a0 \u00a0 \u00a0 \u00a0 \u00a0 \u00a0 \u00a0 \u00a0 \u00a0 \u00a0 \u00a0 \u00a0 \u00a0 \u00a0 \u00a0 \u00a0 \u00a0 \u00a0 \u00a0 \u00a0 \u00a0 \u00a0 \u00a0 \u00a0\u00a0 Direcci\u00f3n administraci\u00f3n:\u00a0 SEDE Suipacha y Ezeiza\u00a0\u00a0 Informaci\u00f3n: &#8230; <a title=\"Datos institucionales\" class=\"read-more\" href=\"https:\/\/ipat-bue.infd.edu.ar\/sitio\/datos-institucionales\/\" aria-label=\"More on Datos institucionales\">[+]<\/a><\/p>\n","protected":false},"author":36,"featured_media":0,"parent":0,"menu_order":0,"comment_status":"closed","ping_status":"closed","template":"","meta":[],"acf":[],"_links":{"self":[{"href":"https:\/\/ipat-bue.infd.edu.ar\/sitio\/wp-json\/wp\/v2\/pages\/1465"}],"collection":[{"href":"https:\/\/ipat-bue.infd.edu.ar\/sitio\/wp-json\/wp\/v2\/pages"}],"about":[{"href":"https:\/\/ipat-bue.infd.edu.ar\/sitio\/wp-json\/wp\/v2\/types\/page"}],"author":[{"embeddable":true,"href":"https:\/\/ipat-bue.infd.edu.ar\/sitio\/wp-json\/wp\/v2\/users\/36"}],"replies":[{"embeddable":true,"href":"https:\/\/ipat-bue.infd.edu.ar\/sitio\/wp-json\/wp\/v2\/comments?post=1465"}],"version-history":[{"count":8,"href":"https:\/\/ipat-bue.infd.edu.ar\/sitio\/wp-json\/wp\/v2\/pages\/1465\/revisions"}],"predecessor-version":[{"id":2044,"href":"https:\/\/ipat-bue.infd.edu.ar\/sitio\/wp-json\/wp\/v2\/pages\/1465\/revisions\/2044"}],"wp:attachment":[{"href":"https:\/\/ipat-bue.infd.edu.ar\/sitio\/wp-json\/wp\/v2\/media?parent=1465"}],"curies":[{"name":"wp","href":"https:\/\/api.w.org\/{rel}","templated":true}]}}