{"id":1493,"date":"2018-07-02T20:00:06","date_gmt":"2018-07-02T23:00:06","guid":{"rendered":"https:\/\/ipat-bue.infd.edu.ar\/sitio\/orientacion-danzas-folkloricas\/"},"modified":"2020-11-24T16:03:34","modified_gmt":"2020-11-24T19:03:34","slug":"orientacion-danzas-folkloricas","status":"publish","type":"page","link":"https:\/\/ipat-bue.infd.edu.ar\/sitio\/orientacion-danzas-folkloricas\/","title":{"rendered":"Orientaci\u00f3n Danzas Folkloricas"},"content":{"rendered":"<ul>\n<li><strong>\u00a0<\/strong><strong>TITULO<\/strong><\/li>\n<\/ul>\n<p><strong>PROFESOR DE DANZAS CON ORIENTACI\u00d3N EN\u00a0DANZAS FOLKL\u00d3RICAS<\/strong><\/p>\n<p><strong><u>INGRESO<\/u><\/strong>: Foba en Danzas \/acreditaci\u00f3n de saberes<\/p>\n<h4><span style=\"color: #008080;\">Primer a\u00f1o<\/span><\/h4>\n<p>Danzas Folkl\u00f3ricas I<\/p>\n<p>Conciencia corporal<\/p>\n<p>Taller de zapateo y malambo I<\/p>\n<p>Folklore y cultura popular I<\/p>\n<p>M\u00fasica I<\/p>\n<p>Improvisaci\u00f3n y producci\u00f3n coreogr\u00e1fica I<\/p>\n<p>Pr\u00e1ctica Docente I<\/p>\n<p>Historia Social general<\/p>\n<p>Fundamentos de la Educaci\u00f3n<\/p>\n<p>Psicolog\u00eda\u00a0de la Educaci\u00f3n I<\/p>\n<p>&nbsp;<\/p>\n<p><span style=\"color: #008080;\"><strong>Segundo a\u00f1o<\/strong><\/span><\/p>\n<p>Danzas Folkl\u00f3ricas II<\/p>\n<p>Entrenamiento corporal<\/p>\n<p>Taller de zapateo y malambo II<\/p>\n<p>Folklore y cultura popular II<\/p>\n<p>M\u00fasica II<\/p>\n<p>Improvisaci\u00f3n y producci\u00f3n coreogr\u00e1fica II<\/p>\n<p>Pr\u00e1ctica Docente II<\/p>\n<p>Historia Sociopol\u00edtica de Latinoam\u00e9rica y Argentina<\/p>\n<p>Did\u00e1ctica General<\/p>\n<p>Psicolog\u00eda\u00a0de la Educaci\u00f3n II<\/p>\n<p>&nbsp;<\/p>\n<p><span style=\"color: #008080;\"><strong>Tercer a\u00f1o<\/strong><\/span><\/p>\n<p>Danzas Folkl\u00f3ricas III<\/p>\n<p>Taller de zapateo y malambo III<\/p>\n<p>Folklore y cultura popular III<\/p>\n<p>Taller de pr\u00e1ctica instrumental folkl\u00f3rica\u00a0I<\/p>\n<p>Did\u00e1ctica de las Danzas Folkl\u00f3ricas I<\/p>\n<p>Pr\u00e1ctica Docente III<\/p>\n<p>Pol\u00edtica educativa<\/p>\n<p>Teor\u00edas del arte I<\/p>\n<p>EDI Danzas Latinoamericanas<\/p>\n<p>&nbsp;<\/p>\n<p><span style=\"color: #008080;\"><strong>Cuarto a\u00f1o<\/strong><\/span><\/p>\n<p>Danzas Folkl\u00f3ricas IV \u2013Proyecto de producci\u00f3n coreogr\u00e1fica<\/p>\n<p>Taller de tango<\/p>\n<p>Taller de teatro<\/p>\n<p>Taller de pr\u00e1ctica instrumental folkl\u00f3rica\u00a0II<\/p>\n<p>Did\u00e1ctica de las Danzas Folkl\u00f3ricas II<\/p>\n<p>Pr\u00e1ctica Docente IV<\/p>\n<p>Teor\u00edas del arte II<\/p>\n<p>Metodolog\u00eda de la investigaci\u00f3n en artes<\/p>\n<p>EDI Atuendo folkl\u00f3rico<\/p>\n","protected":false},"excerpt":{"rendered":"<p>\u00a0TITULO PROFESOR DE DANZAS CON ORIENTACI\u00d3N EN\u00a0DANZAS FOLKL\u00d3RICAS INGRESO: Foba en Danzas \/acreditaci\u00f3n de saberes Primer a\u00f1o Danzas Folkl\u00f3ricas I Conciencia corporal Taller de zapateo y malambo I Folklore y cultura popular I M\u00fasica I Improvisaci\u00f3n y producci\u00f3n coreogr\u00e1fica I Pr\u00e1ctica Docente I Historia Social general Fundamentos de la Educaci\u00f3n Psicolog\u00eda\u00a0de la Educaci\u00f3n I &nbsp; &#8230; <a title=\"Orientaci\u00f3n Danzas Folkloricas\" class=\"read-more\" href=\"https:\/\/ipat-bue.infd.edu.ar\/sitio\/orientacion-danzas-folkloricas\/\" aria-label=\"More on Orientaci\u00f3n Danzas Folkloricas\">[+]<\/a><\/p>\n","protected":false},"author":36,"featured_media":0,"parent":0,"menu_order":0,"comment_status":"closed","ping_status":"closed","template":"","meta":[],"acf":[],"_links":{"self":[{"href":"https:\/\/ipat-bue.infd.edu.ar\/sitio\/wp-json\/wp\/v2\/pages\/1493"}],"collection":[{"href":"https:\/\/ipat-bue.infd.edu.ar\/sitio\/wp-json\/wp\/v2\/pages"}],"about":[{"href":"https:\/\/ipat-bue.infd.edu.ar\/sitio\/wp-json\/wp\/v2\/types\/page"}],"author":[{"embeddable":true,"href":"https:\/\/ipat-bue.infd.edu.ar\/sitio\/wp-json\/wp\/v2\/users\/36"}],"replies":[{"embeddable":true,"href":"https:\/\/ipat-bue.infd.edu.ar\/sitio\/wp-json\/wp\/v2\/comments?post=1493"}],"version-history":[{"count":3,"href":"https:\/\/ipat-bue.infd.edu.ar\/sitio\/wp-json\/wp\/v2\/pages\/1493\/revisions"}],"predecessor-version":[{"id":1646,"href":"https:\/\/ipat-bue.infd.edu.ar\/sitio\/wp-json\/wp\/v2\/pages\/1493\/revisions\/1646"}],"wp:attachment":[{"href":"https:\/\/ipat-bue.infd.edu.ar\/sitio\/wp-json\/wp\/v2\/media?parent=1493"}],"curies":[{"name":"wp","href":"https:\/\/api.w.org\/{rel}","templated":true}]}}