{"id":1518,"date":"2018-07-02T20:00:16","date_gmt":"2018-07-02T23:00:16","guid":{"rendered":"https:\/\/ipat-bue.infd.edu.ar\/sitio\/interprete-coreografo-en-tango\/"},"modified":"2023-12-05T16:23:07","modified_gmt":"2023-12-05T19:23:07","slug":"interprete-coreografo-en-tango","status":"publish","type":"page","link":"https:\/\/ipat-bue.infd.edu.ar\/sitio\/interprete-coreografo-en-tango\/","title":{"rendered":"TECNICATURA SUPERIOR INT\u00c9RPRETE Y CORE\u00d3GRAFO DE TANGO"},"content":{"rendered":"<p><strong>4.1.25.-TECNICATURA SUPERIOR INT\u00c9RPRETE Y CORE\u00d3GRAFO DE TANGO<\/strong><\/p>\n<p><strong>DURACI\u00d3N 3 A\u00d1OS<\/strong><\/p>\n<p><strong>HORAS: 1824 HRS.<\/strong><\/p>\n<p><strong>PRIMER A\u00d1O<\/strong><\/p>\n<table border=\"1\" cellspacing=\"0\" cellpadding=\"0\">\n<tbody>\n<tr>\n<td valign=\"top\" width=\"192\"><strong>ESPACIO CURRICULAR<\/strong><\/td>\n<td valign=\"top\" width=\"192\"><strong>ACREDITACION<\/strong><\/td>\n<td valign=\"top\" width=\"192\"><strong>OBSERVACIONES<\/strong><\/td>\n<\/tr>\n<tr>\n<td valign=\"top\" width=\"192\"><strong>Trabajo Corporal I<\/strong><\/p>\n<p><strong>&nbsp;<\/strong><\/td>\n<td valign=\"top\" width=\"192\"><strong>EXAMEN FINAL<\/strong><\/td>\n<td valign=\"top\" width=\"192\"><strong>2 m\u00f3d.<\/strong><\/td>\n<\/tr>\n<tr>\n<td valign=\"top\" width=\"192\"><strong>Taller de Teatro<\/strong><\/p>\n<p><strong>&nbsp;<\/strong><\/td>\n<td valign=\"top\" width=\"192\"><strong>EXAMEN FINAL<\/strong><\/td>\n<td valign=\"top\" width=\"192\"><strong>2 m\u00f3d<\/strong><\/td>\n<\/tr>\n<tr>\n<td valign=\"top\" width=\"192\"><strong>Vestuario<\/strong><\/p>\n<p><strong>&nbsp;<\/strong><\/td>\n<td valign=\"top\" width=\"192\"><strong>EXAMEN FINAL<\/strong><\/td>\n<td valign=\"top\" width=\"192\"><strong>2 m\u00f3d<\/strong><\/td>\n<\/tr>\n<tr>\n<td valign=\"top\" width=\"192\"><strong>M\u00fasica I<\/strong><\/p>\n<p><strong>&nbsp;<\/strong><\/td>\n<td valign=\"top\" width=\"192\"><strong>EXAMEN FINAL<\/strong><\/td>\n<td valign=\"top\" width=\"192\"><strong>2 m\u00f3d<\/strong><\/td>\n<\/tr>\n<tr>\n<td valign=\"top\" width=\"192\"><strong>Historia del Tango y su Contexto I<\/strong><\/p>\n<p><strong>&nbsp;<\/strong><\/td>\n<td valign=\"top\" width=\"192\"><strong>EXAMEN FINAL<\/strong><\/td>\n<td valign=\"top\" width=\"192\"><strong>2 m\u00f3d.<\/strong><\/td>\n<\/tr>\n<tr>\n<td valign=\"top\" width=\"192\"><strong>Danza Folkl\u00f3rica Rioplatense I<\/strong><\/p>\n<p><strong>&nbsp;<\/strong><\/td>\n<td valign=\"top\" width=\"192\"><strong>EXAMEN FINAL<\/strong><\/td>\n<td valign=\"top\" width=\"192\"><strong>2 m\u00f3d.<\/strong><\/td>\n<\/tr>\n<tr>\n<td valign=\"top\" width=\"192\"><strong>T\u00e9cnicas de composici\u00f3n coreogr\u00e1fica en Tango I<\/strong><\/p>\n<p><strong>&nbsp;<\/strong><\/td>\n<td valign=\"top\" width=\"192\"><strong>EXAMEN FINAL<\/strong><\/td>\n<td valign=\"top\" width=\"192\"><strong>3 m\u00f3d<\/strong><\/td>\n<\/tr>\n<tr>\n<td valign=\"top\" width=\"192\"><strong>Tango Danza: Estil\u00edstica I<\/strong><\/p>\n<p><strong>&nbsp;<\/strong><\/td>\n<td valign=\"top\" width=\"192\"><strong>EXAMEN FINAL<\/strong><\/td>\n<td valign=\"top\" width=\"192\"><strong>2 m\u00f3d.<\/strong><\/td>\n<\/tr>\n<tr>\n<td valign=\"top\" width=\"192\"><strong>Espacio de Definici\u00f3n Institucional I<\/strong><\/td>\n<td valign=\"top\" width=\"192\"><strong>EXAMEN FINAL<\/strong><\/td>\n<td valign=\"top\" width=\"192\"><strong>2 m\u00f3d.<\/strong><\/td>\n<\/tr>\n<\/tbody>\n<\/table>\n<p><strong>&nbsp;<\/strong><\/p>\n<p><strong>SEGUNDO&nbsp; A\u00d1O<\/strong><\/p>\n<table border=\"1\" cellspacing=\"0\" cellpadding=\"0\">\n<tbody>\n<tr>\n<td valign=\"top\" width=\"192\"><strong>ESPACIO CURRICULAR<\/strong><\/td>\n<td valign=\"top\" width=\"192\"><strong>ACREDITACION<\/strong><\/td>\n<td valign=\"top\" width=\"192\"><strong>OBSERVACIONES<\/strong><\/td>\n<\/tr>\n<tr>\n<td valign=\"top\" width=\"192\"><strong>Trabajo Corporal II<\/strong><\/p>\n<p><strong>&nbsp;<\/strong><\/td>\n<td valign=\"top\" width=\"192\"><strong>EXAMEN FINAL<\/strong><\/td>\n<td valign=\"top\" width=\"192\"><strong>2 m\u00f3d.<\/strong><\/td>\n<\/tr>\n<tr>\n<td valign=\"top\" width=\"192\"><strong>Taller de Maquillaje<\/strong><\/p>\n<p><strong>&nbsp;<\/strong><\/td>\n<td valign=\"top\" width=\"192\"><strong>EXAMEN FINAL<\/strong><\/td>\n<td valign=\"top\" width=\"192\"><strong>2 m\u00f3d<\/strong><\/td>\n<\/tr>\n<tr>\n<td valign=\"top\" width=\"192\"><strong>Taller de Escenograf\u00eda<\/strong><\/p>\n<p><strong>&nbsp;<\/strong><\/td>\n<td valign=\"top\" width=\"192\"><strong>EXAMEN FINAL<\/strong><\/td>\n<td valign=\"top\" width=\"192\"><strong>2 m\u00f3d<\/strong><\/td>\n<\/tr>\n<tr>\n<td valign=\"top\" width=\"192\"><strong>M\u00fasica II<\/strong><\/p>\n<p><strong>&nbsp;<\/strong><\/td>\n<td valign=\"top\" width=\"192\"><strong>EXAMEN FINAL<\/strong><\/td>\n<td valign=\"top\" width=\"192\"><strong>2 m\u00f3d<\/strong><\/td>\n<\/tr>\n<tr>\n<td valign=\"top\" width=\"192\"><strong>Historia del Tango y su Contexto II<\/strong><\/p>\n<p><strong>&nbsp;<\/strong><\/td>\n<td valign=\"top\" width=\"192\"><strong>EXAMEN FINAL<\/strong><\/td>\n<td valign=\"top\" width=\"192\"><strong>2 m\u00f3d.<\/strong><\/td>\n<\/tr>\n<tr>\n<td valign=\"top\" width=\"192\"><strong>Danza Folkl\u00f3rica Rioplatense II<\/strong><\/p>\n<p><strong>&nbsp;<\/strong><\/td>\n<td valign=\"top\" width=\"192\"><strong>EXAMEN FINAL<\/strong><\/td>\n<td valign=\"top\" width=\"192\"><strong>2 m\u00f3d.<\/strong><\/td>\n<\/tr>\n<tr>\n<td valign=\"top\" width=\"192\"><strong>T\u00e9cnicas de composici\u00f3n coreogr\u00e1fica en Tango II<\/strong><\/p>\n<p><strong>&nbsp;<\/strong><\/td>\n<td valign=\"top\" width=\"192\"><strong>EXAMEN FINAL<\/strong><\/td>\n<td valign=\"top\" width=\"192\"><strong>3 m\u00f3d<\/strong><\/td>\n<\/tr>\n<tr>\n<td valign=\"top\" width=\"192\"><strong>Tango Danza: Estil\u00edstica II<\/strong><\/p>\n<p><strong>&nbsp;<\/strong><\/td>\n<td valign=\"top\" width=\"192\"><strong>EXAMEN FINAL<\/strong><\/td>\n<td valign=\"top\" width=\"192\"><strong>2 m\u00f3d.<\/strong><\/td>\n<\/tr>\n<tr>\n<td valign=\"top\" width=\"192\"><strong>Espacio de Definici\u00f3n Institucional II<\/strong><\/td>\n<td valign=\"top\" width=\"192\"><strong>EXAMEN FINAL<\/strong><\/td>\n<td valign=\"top\" width=\"192\"><strong>2 m\u00f3d.<\/strong><\/td>\n<\/tr>\n<\/tbody>\n<\/table>\n<p><strong>&nbsp;<\/strong><\/p>\n<p><strong>TERCER A\u00d1O<\/strong><\/p>\n<table border=\"1\" cellspacing=\"0\" cellpadding=\"0\">\n<tbody>\n<tr>\n<td valign=\"top\" width=\"192\"><strong>ESPACIO CURRICULAR<\/strong><\/td>\n<td valign=\"top\" width=\"192\"><strong>ACREDITACION<\/strong><\/td>\n<td valign=\"top\" width=\"192\"><strong>OBSERVACIONES<\/strong><\/td>\n<\/tr>\n<tr>\n<td valign=\"top\" width=\"192\"><strong>Trabajo Corporal III<\/strong><\/p>\n<p><strong>&nbsp;<\/strong><\/td>\n<td valign=\"top\" width=\"192\"><strong>EXAMEN FINAL<\/strong><\/td>\n<td valign=\"top\" width=\"192\"><strong>2 m\u00f3d.<\/strong><\/td>\n<\/tr>\n<tr>\n<td valign=\"top\" width=\"192\"><strong>Gesti\u00f3n Integral de Producci\u00f3n Art\u00edstica<\/strong><\/p>\n<p><strong>&nbsp;<\/strong><\/td>\n<td valign=\"top\" width=\"192\"><strong>EXAMEN FINAL<\/strong><\/td>\n<td valign=\"top\" width=\"192\"><strong>3 m\u00f3d<\/strong><\/td>\n<\/tr>\n<tr>\n<td valign=\"top\" width=\"192\"><strong>T\u00e9cnica de la Danza Contempor\u00e1nea<\/strong><\/p>\n<p><strong>&nbsp;<\/strong><\/td>\n<td valign=\"top\" width=\"192\"><strong>EXAMEN FINAL<\/strong><\/td>\n<td valign=\"top\" width=\"192\"><strong>2 m\u00f3d<\/strong><\/td>\n<\/tr>\n<tr>\n<td valign=\"top\" width=\"192\"><strong>M\u00fasica II<\/strong><\/p>\n<p><strong>&nbsp;<\/strong><\/td>\n<td valign=\"top\" width=\"192\"><strong>EXAMEN FINAL<\/strong><\/td>\n<td valign=\"top\" width=\"192\"><strong>2 m\u00f3d<\/strong><\/td>\n<\/tr>\n<tr>\n<td valign=\"top\" width=\"192\"><strong>Historia del Tango y su Contexto III<\/strong><\/p>\n<p><strong>&nbsp;<\/strong><\/td>\n<td valign=\"top\" width=\"192\"><strong>EXAMEN FINAL<\/strong><\/td>\n<td valign=\"top\" width=\"192\"><strong>2 m\u00f3d.<\/strong><\/td>\n<\/tr>\n<tr>\n<td valign=\"top\" width=\"192\"><strong>Proyecto de Producci\u00f3n Coreogr\u00e1fica en Tango<\/strong><\/p>\n<p><strong>&nbsp;<\/strong><\/p>\n<p><strong>&nbsp;<\/strong><\/td>\n<td valign=\"top\" width=\"192\"><strong>EXAMEN FINAL<\/strong><\/td>\n<td valign=\"top\" width=\"192\"><strong>5 m\u00f3d.<\/strong><\/td>\n<\/tr>\n<tr>\n<td valign=\"top\" width=\"192\"><strong>T\u00e9cnicas de composici\u00f3n coreogr\u00e1fica en Tango III<\/strong><\/p>\n<p><strong>&nbsp;<\/strong><\/td>\n<td valign=\"top\" width=\"192\"><strong>EXAMEN FINAL<\/strong><\/td>\n<td valign=\"top\" width=\"192\"><strong>3 m\u00f3d<\/strong><\/td>\n<\/tr>\n<tr>\n<td valign=\"top\" width=\"192\"><strong>Tango Danza: Estil\u00edstica II<\/strong><\/p>\n<p><strong>&nbsp;<\/strong><\/td>\n<td valign=\"top\" width=\"192\"><strong>EXAMEN FINAL<\/strong><\/td>\n<td valign=\"top\" width=\"192\"><strong>2 m\u00f3d.<\/strong><\/td>\n<\/tr>\n<tr>\n<td valign=\"top\" width=\"192\"><strong>Espacio de Definici\u00f3n Institucional III<\/strong><\/td>\n<td valign=\"top\" width=\"192\"><strong>EXAMEN FINAL<\/strong><\/td>\n<td valign=\"top\" width=\"192\"><strong>2 m\u00f3d.<\/strong><\/td>\n<\/tr>\n<\/tbody>\n<\/table>\n<p><strong>&nbsp;<\/strong><\/p>\n<p><strong>TITULO: INT\u00c9RPRETE Y CORE\u00d3GRAFO DE TANGO<\/strong><\/p>\n<p><strong>PERFIL PROFESIONAL:<\/strong><\/p>\n<p>El T\u00e9cnico Superior Int\u00e9rprete Core\u00f3grafo en Tango estar\u00e1 capacitado para interpretar, crear, dise\u00f1ar, organizar y planificar proyectos art\u00edsticos propios de este lenguaje (Danza Tango), desplegando aptitudes de compromiso, valorizaci\u00f3n y calidad de la producci\u00f3n art\u00edstica coreogr\u00e1fica identitaria.<\/p>\n<p><strong>\u00c1REA OCUPACIONAL.<\/strong><\/p>\n<p>Int\u00e9rprete en realizaciones coreogr\u00e1ficas espec\u00edficas.<\/p>\n<p>Core\u00f3grafo en tango.<\/p>\n<p>Asesor en la tem\u00e1tica espec\u00edfica en distintos \u00e1mbitos.<\/p>\n<p>Productor independiente de obras art\u00edsticas.<\/p>\n","protected":false},"excerpt":{"rendered":"<p>4.1.25.-TECNICATURA SUPERIOR INT\u00c9RPRETE Y CORE\u00d3GRAFO DE TANGO DURACI\u00d3N 3 A\u00d1OS HORAS: 1824 HRS. PRIMER A\u00d1O ESPACIO CURRICULAR ACREDITACION OBSERVACIONES Trabajo Corporal I &nbsp; EXAMEN FINAL 2 m\u00f3d. Taller de Teatro &nbsp; EXAMEN FINAL 2 m\u00f3d Vestuario &nbsp; EXAMEN FINAL 2 m\u00f3d M\u00fasica I &nbsp; EXAMEN FINAL 2 m\u00f3d Historia del Tango y su Contexto I &#8230; <a title=\"TECNICATURA SUPERIOR INT\u00c9RPRETE Y CORE\u00d3GRAFO DE TANGO\" class=\"read-more\" href=\"https:\/\/ipat-bue.infd.edu.ar\/sitio\/interprete-coreografo-en-tango\/\" aria-label=\"More on TECNICATURA SUPERIOR INT\u00c9RPRETE Y CORE\u00d3GRAFO DE TANGO\">[+]<\/a><\/p>\n","protected":false},"author":36,"featured_media":0,"parent":0,"menu_order":0,"comment_status":"closed","ping_status":"closed","template":"","meta":[],"acf":[],"_links":{"self":[{"href":"https:\/\/ipat-bue.infd.edu.ar\/sitio\/wp-json\/wp\/v2\/pages\/1518"}],"collection":[{"href":"https:\/\/ipat-bue.infd.edu.ar\/sitio\/wp-json\/wp\/v2\/pages"}],"about":[{"href":"https:\/\/ipat-bue.infd.edu.ar\/sitio\/wp-json\/wp\/v2\/types\/page"}],"author":[{"embeddable":true,"href":"https:\/\/ipat-bue.infd.edu.ar\/sitio\/wp-json\/wp\/v2\/users\/36"}],"replies":[{"embeddable":true,"href":"https:\/\/ipat-bue.infd.edu.ar\/sitio\/wp-json\/wp\/v2\/comments?post=1518"}],"version-history":[{"count":2,"href":"https:\/\/ipat-bue.infd.edu.ar\/sitio\/wp-json\/wp\/v2\/pages\/1518\/revisions"}],"predecessor-version":[{"id":1830,"href":"https:\/\/ipat-bue.infd.edu.ar\/sitio\/wp-json\/wp\/v2\/pages\/1518\/revisions\/1830"}],"wp:attachment":[{"href":"https:\/\/ipat-bue.infd.edu.ar\/sitio\/wp-json\/wp\/v2\/media?parent=1518"}],"curies":[{"name":"wp","href":"https:\/\/api.w.org\/{rel}","templated":true}]}}