{"id":1657,"date":"2020-11-24T18:15:54","date_gmt":"2020-11-24T21:15:54","guid":{"rendered":"https:\/\/ipat-bue.infd.edu.ar\/sitio\/?page_id=1657"},"modified":"2023-09-05T12:05:29","modified_gmt":"2023-09-05T15:05:29","slug":"tecnicatura-en-diseno-grafico-profesional","status":"publish","type":"page","link":"https:\/\/ipat-bue.infd.edu.ar\/sitio\/tecnicatura-en-diseno-grafico-profesional\/","title":{"rendered":"TECNICATURA EN DISE\u00d1O GRAFICO PROFESIONAL"},"content":{"rendered":"<ul>\n<li><strong>TITULO<\/strong><\/li>\n<\/ul>\n<p><strong>TECNICATURA EN DISE\u00d1O GR\u00c1FICO PROFESIONAL (4 a\u00f1os)<\/strong><\/p>\n<p><b>Ingreso: \u00danico requisito, titulo secundario<\/b><\/p>\n<p><span style=\"color: #008080;\"><strong>Primer a\u00f1o<\/strong><\/span><\/p>\n<p>TIPOGRAFIA I<\/p>\n<p>GRAFICA ASISTIDA POR PC I<\/p>\n<p>TALLER DISE\u00d1O I<\/p>\n<p>PERCEPCION VISUAL<\/p>\n<p>HISTORIA DEL ARTE\u00a0 Y EL DISE\u00d1O<\/p>\n<p>TALLER DE TEXTO<\/p>\n<p>DIBUJO<\/p>\n<p>PERSPECTIVA PEDAGOGICO DIDACTICA I<\/p>\n<p>EDI: DISE\u00d1O TRIDIMENSIONAL<\/p>\n<p><span style=\"color: #008080;\">Segundo a\u00f1o<\/span><\/p>\n<p>TIPOGRAFIA II<\/p>\n<p>GRAFICA ASISTIDA POR PC II<\/p>\n<p>TALLER DISE\u00d1O II<\/p>\n<p>TECNOLOGIA I<\/p>\n<p>HISTORIA DEL A. Y DISE\u00d1OII<\/p>\n<p>ORGANIZACI\u00d3N DE LAS INSTITUCIONES<\/p>\n<p>SEMIOLOGIA DE LA IMAGEN<\/p>\n<p>EDI: COLOR EN EL DISE\u00d1O<\/p>\n<p><strong>\u00a0<\/strong><\/p>\n<p><span style=\"color: #008080;\">Tercer a\u00f1o<\/span><\/p>\n<p>TALLER MULTIMEDIA<\/p>\n<p>FOTOGRAFIA<\/p>\n<p>TECNOLOGIA II<\/p>\n<p>TALLER DISE\u00d1O III Y PROY DE ANAL.<\/p>\n<p>SOCIOLOGIA DE LA COMUNIC.<\/p>\n<p>ETICA Y LEGISLAC.<\/p>\n<p>EDI: SE\u00d1ALETICA<\/p>\n<p><span style=\"color: #008080;\">Cuarto a\u00f1o<\/span><\/p>\n<p>DISE\u00d1O INSTITUCIONAL<\/p>\n<p>DISE\u00d1O DE MEDIOS<\/p>\n<p>DISE\u00d1O DE LA INFORMACION<\/p>\n<p>ARTE, CULT. Y EST. M. CONT.<\/p>\n<p>ESP. MARKETING<\/p>\n<p>ESP. IMAGEN Y SONIDO<\/p>\n","protected":false},"excerpt":{"rendered":"<p>TITULO TECNICATURA EN DISE\u00d1O GR\u00c1FICO PROFESIONAL (4 a\u00f1os) Ingreso: \u00danico requisito, titulo secundario Primer a\u00f1o TIPOGRAFIA I GRAFICA ASISTIDA POR PC I TALLER DISE\u00d1O I PERCEPCION VISUAL HISTORIA DEL ARTE\u00a0 Y EL DISE\u00d1O TALLER DE TEXTO DIBUJO PERSPECTIVA PEDAGOGICO DIDACTICA I EDI: DISE\u00d1O TRIDIMENSIONAL Segundo a\u00f1o TIPOGRAFIA II GRAFICA ASISTIDA POR PC II TALLER DISE\u00d1O &#8230; <a title=\"TECNICATURA EN DISE\u00d1O GRAFICO PROFESIONAL\" class=\"read-more\" href=\"https:\/\/ipat-bue.infd.edu.ar\/sitio\/tecnicatura-en-diseno-grafico-profesional\/\" aria-label=\"More on TECNICATURA EN DISE\u00d1O GRAFICO PROFESIONAL\">[+]<\/a><\/p>\n","protected":false},"author":36,"featured_media":0,"parent":0,"menu_order":0,"comment_status":"closed","ping_status":"closed","template":"","meta":[],"acf":[],"_links":{"self":[{"href":"https:\/\/ipat-bue.infd.edu.ar\/sitio\/wp-json\/wp\/v2\/pages\/1657"}],"collection":[{"href":"https:\/\/ipat-bue.infd.edu.ar\/sitio\/wp-json\/wp\/v2\/pages"}],"about":[{"href":"https:\/\/ipat-bue.infd.edu.ar\/sitio\/wp-json\/wp\/v2\/types\/page"}],"author":[{"embeddable":true,"href":"https:\/\/ipat-bue.infd.edu.ar\/sitio\/wp-json\/wp\/v2\/users\/36"}],"replies":[{"embeddable":true,"href":"https:\/\/ipat-bue.infd.edu.ar\/sitio\/wp-json\/wp\/v2\/comments?post=1657"}],"version-history":[{"count":3,"href":"https:\/\/ipat-bue.infd.edu.ar\/sitio\/wp-json\/wp\/v2\/pages\/1657\/revisions"}],"predecessor-version":[{"id":1779,"href":"https:\/\/ipat-bue.infd.edu.ar\/sitio\/wp-json\/wp\/v2\/pages\/1657\/revisions\/1779"}],"wp:attachment":[{"href":"https:\/\/ipat-bue.infd.edu.ar\/sitio\/wp-json\/wp\/v2\/media?parent=1657"}],"curies":[{"name":"wp","href":"https:\/\/api.w.org\/{rel}","templated":true}]}}