{"id":1660,"date":"2020-11-24T18:25:52","date_gmt":"2020-11-24T21:25:52","guid":{"rendered":"https:\/\/ipat-bue.infd.edu.ar\/sitio\/?page_id=1660"},"modified":"2023-12-06T14:52:57","modified_gmt":"2023-12-06T17:52:57","slug":"tecnicatura-superior-interprete-coreografo-en-tango","status":"publish","type":"page","link":"https:\/\/ipat-bue.infd.edu.ar\/sitio\/tecnicatura-superior-interprete-coreografo-en-tango\/","title":{"rendered":"TECNICATURA SUPERIOR INTERPRETE COREOGRAFO EN TANGO"},"content":{"rendered":"<ul>\n<li><strong>\u00a0<\/strong><strong>TITULO<\/strong><\/li>\n<\/ul>\n<p><strong>TECNICATURA SUPERIOR INT\u00c9RPRETE CORE\u00d3GRAFO EN TANGO<\/strong><\/p>\n<p><strong>\u00a0<\/strong><span style=\"color: #008080;\"><strong>Primer a\u00f1o<\/strong><\/span><\/p>\n<p><strong>Trabajo Corporal I<\/strong><\/p>\n<p><strong>\u00a0<\/strong><strong>Taller de Teatro<\/strong><\/p>\n<p><strong>\u00a0<\/strong><strong>Vestuario<\/strong><\/p>\n<p><strong>\u00a0<\/strong><strong>M\u00fasica I<\/strong><\/p>\n<p><strong>\u00a0<\/strong><strong>Historia del Tango y su Contexto I<\/strong><\/p>\n<p><strong>\u00a0<\/strong><strong>Danza Folkl\u00f3rica Rioplatense I<\/strong><\/p>\n<p><strong>\u00a0<\/strong><strong>T\u00e9cnicas de composici\u00f3n coreogr\u00e1fica en Tango I<\/strong><\/p>\n<p><strong>\u00a0<\/strong><strong>Tango Danza: Estil\u00edstica I<\/strong><\/p>\n<p><strong>\u00a0<\/strong><strong>Espacio de Definici\u00f3n Institucional I<\/strong><\/p>\n<p><strong>\u00a0<\/strong><span style=\"color: #008080;\"><strong>Segundo a\u00f1o<\/strong><\/span><\/p>\n<p><strong>Trabajo Corporal I<\/strong><\/p>\n<p><strong>\u00a0<\/strong><strong>Taller de Teatro<\/strong><\/p>\n<p><strong>\u00a0<\/strong><strong>Vestuario<\/strong><\/p>\n<p><strong>\u00a0<\/strong><strong>M\u00fasica I<\/strong><\/p>\n<p><strong>\u00a0<\/strong><strong>Historia del Tango y su Contexto I<\/strong><\/p>\n<p><strong>\u00a0<\/strong><strong>Danza Folkl\u00f3rica Rioplatense I<\/strong><\/p>\n<p><strong>\u00a0<\/strong><strong>T\u00e9cnicas de composici\u00f3n coreogr\u00e1fica en Tango I<\/strong><\/p>\n<p><strong>\u00a0<\/strong><strong>Tango Danza: Estil\u00edstica I<\/strong><\/p>\n<p><strong>\u00a0<\/strong><strong>Espacio de Definici\u00f3n Institucional I<\/strong><\/p>\n<p><strong>\u00a0<\/strong><span style=\"color: #008080;\"><strong>Tercer a\u00f1o<\/strong><\/span><\/p>\n<p><strong>\u00a0<\/strong><strong>Trabajo Corporal III<\/strong><\/p>\n<p><strong>\u00a0<\/strong><strong>Gesti\u00f3n Integral de Producci\u00f3n Art\u00edstica<\/strong><\/p>\n<p><strong>\u00a0<\/strong><strong>T\u00e9cnica de la Danza Contempor\u00e1nea<\/strong><\/p>\n<p><strong>\u00a0<\/strong><strong>M\u00fasica II<\/strong><\/p>\n<p><strong>\u00a0<\/strong><strong>Historia del Tango y su Contexto III<\/strong><\/p>\n<p><strong>\u00a0<\/strong><strong>Proyecto de Producci\u00f3n Coreogr\u00e1fica en Tango<\/strong><\/p>\n<p><strong>\u00a0<\/strong><strong>T\u00e9cnicas de composici\u00f3n coreogr\u00e1fica en Tango III<\/strong><\/p>\n<p><strong>\u00a0<\/strong><strong>Tango Danza: Estil\u00edstica II<\/strong><\/p>\n<p><strong>\u00a0<\/strong><strong>Espacio de Definici\u00f3n Institucional III<\/strong><\/p>\n<p><strong>\u00a0<\/strong><\/p>\n","protected":false},"excerpt":{"rendered":"<p>\u00a0TITULO TECNICATURA SUPERIOR INT\u00c9RPRETE CORE\u00d3GRAFO EN TANGO \u00a0Primer a\u00f1o Trabajo Corporal I \u00a0Taller de Teatro \u00a0Vestuario \u00a0M\u00fasica I \u00a0Historia del Tango y su Contexto I \u00a0Danza Folkl\u00f3rica Rioplatense I \u00a0T\u00e9cnicas de composici\u00f3n coreogr\u00e1fica en Tango I \u00a0Tango Danza: Estil\u00edstica I \u00a0Espacio de Definici\u00f3n Institucional I \u00a0Segundo a\u00f1o Trabajo Corporal I \u00a0Taller de Teatro \u00a0Vestuario \u00a0M\u00fasica &#8230; <a title=\"TECNICATURA SUPERIOR INTERPRETE COREOGRAFO EN TANGO\" class=\"read-more\" href=\"https:\/\/ipat-bue.infd.edu.ar\/sitio\/tecnicatura-superior-interprete-coreografo-en-tango\/\" aria-label=\"More on TECNICATURA SUPERIOR INTERPRETE COREOGRAFO EN TANGO\">[+]<\/a><\/p>\n","protected":false},"author":36,"featured_media":0,"parent":0,"menu_order":0,"comment_status":"closed","ping_status":"closed","template":"","meta":[],"acf":[],"_links":{"self":[{"href":"https:\/\/ipat-bue.infd.edu.ar\/sitio\/wp-json\/wp\/v2\/pages\/1660"}],"collection":[{"href":"https:\/\/ipat-bue.infd.edu.ar\/sitio\/wp-json\/wp\/v2\/pages"}],"about":[{"href":"https:\/\/ipat-bue.infd.edu.ar\/sitio\/wp-json\/wp\/v2\/types\/page"}],"author":[{"embeddable":true,"href":"https:\/\/ipat-bue.infd.edu.ar\/sitio\/wp-json\/wp\/v2\/users\/36"}],"replies":[{"embeddable":true,"href":"https:\/\/ipat-bue.infd.edu.ar\/sitio\/wp-json\/wp\/v2\/comments?post=1660"}],"version-history":[{"count":3,"href":"https:\/\/ipat-bue.infd.edu.ar\/sitio\/wp-json\/wp\/v2\/pages\/1660\/revisions"}],"predecessor-version":[{"id":1888,"href":"https:\/\/ipat-bue.infd.edu.ar\/sitio\/wp-json\/wp\/v2\/pages\/1660\/revisions\/1888"}],"wp:attachment":[{"href":"https:\/\/ipat-bue.infd.edu.ar\/sitio\/wp-json\/wp\/v2\/media?parent=1660"}],"curies":[{"name":"wp","href":"https:\/\/api.w.org\/{rel}","templated":true}]}}