{"id":1842,"date":"2023-12-05T17:04:29","date_gmt":"2023-12-05T20:04:29","guid":{"rendered":"https:\/\/ipat-bue.infd.edu.ar\/sitio\/?page_id=1842"},"modified":"2023-12-05T17:08:06","modified_gmt":"2023-12-05T20:08:06","slug":"tecnicatura-superior-realizador-en-artes-visuales","status":"publish","type":"page","link":"https:\/\/ipat-bue.infd.edu.ar\/sitio\/tecnicatura-superior-realizador-en-artes-visuales\/","title":{"rendered":"TECNICATURA \u00a0SUPERIOR REALIZADOR EN ARTES VISUALES"},"content":{"rendered":"\n<p><strong>Especializado en Pintura\/Grabado\/escultura<\/strong><\/p>\n\n\n\n<h3 class=\"wp-block-heading\"><strong>Titulaci\u00f3n: Realizador Superior en Artes Visuales especializado en Pintura\/Grabado\/Escultura<\/strong><\/h3>\n\n\n\n<p><strong>Duraci\u00f3n: 4 a\u00f1os<\/strong><\/p>\n\n\n\n<h3 class=\"wp-block-heading\"><strong>T\u00edtulo intermedio: Realizador en Artes Visuales<\/strong><\/h3>\n\n\n\n<h3 class=\"wp-block-heading\"><strong>Resoluci\u00f3n N\u00b0 13253\/99<\/strong><\/h3>\n\n\n\n<h3 class=\"has-medium-font-size wp-block-heading\"><strong><strong>Duraci\u00f3n: 3 a\u00f1os<\/strong><\/strong><\/h3>\n\n\n\n<h3 class=\"has-medium-font-size wp-block-heading\"><strong>Salida laboral: artistas\/hacedores capaces de insertarse en el campo art\u00edstico contempor\u00e1neo, articulando el aprendizaje en las disciplinas art\u00edsticas con una formaci\u00f3n cultural amplia en historia del arte, gesti\u00f3n y producci\u00f3n de proyectos art\u00edsticos, en interacci\u00f3n con los circuitos de producci\u00f3n y circulaci\u00f3n actuales.<\/strong><\/h3>\n\n\n\n<h3 class=\"has-medium-font-size wp-block-heading\"><strong>El perfil del egresado es un profesional actualizado, con posibilidades de inserci\u00f3n en las escenas culturales, que desde la gesti\u00f3n que pueda contextualizar su hacer con su entorno .<\/strong><\/h3>\n\n\n\n<h3 class=\"has-medium-font-size wp-block-heading\"><strong>\u00bfPor qu\u00e9 estudiar Realizador?<\/strong><\/h3>\n\n\n\n<h3 class=\"has-medium-font-size wp-block-heading\"><strong>La Tecnicatura Superior de Realizador en Artes Visuales propone una formaci\u00f3n destinada a la producci\u00f3n y circulaci\u00f3n del arte con fuerte asiento en la investigaci\u00f3n art\u00edstica, la solidez de formaci\u00f3n en t\u00e9cnicas y materialidades, las experiencias de trabajo interdisciplinar, la aplicaci\u00f3n de nuevas tecnolog\u00edas, y la formaci\u00f3n en curadur\u00eda y gesti\u00f3n en interacci\u00f3n con los circuitos y espacios art\u00edsticos y culturales.<\/strong><\/h3>\n\n\n\n<h3 class=\"has-medium-font-size wp-block-heading\"><strong>&nbsp;<\/strong><\/h3>\n\n\n\n<h3 class=\"has-medium-font-size wp-block-heading\"><strong>Con una mirada fuertemente situada en el \u00e1mbito local y regional el perfil de egresado propone la inserci\u00f3n e interacci\u00f3n en los circuitos de producci\u00f3n y circulaci\u00f3n art\u00edstica actuales, desde la pujante ciudad de Tandil, en constante crecimiento.<\/strong><\/h3>\n\n\n\n<h3 class=\"wp-block-heading\"><strong>&nbsp;<\/strong><\/h3>\n\n\n\n<h3 class=\"wp-block-heading\"><strong>Modalidad Presencial<\/strong><\/h3>\n\n\n\n<h3 class=\"wp-block-heading\"><strong>Horario de cursada: de 8 a 13 hs<\/strong><\/h3>\n\n\n\n<h3 class=\"wp-block-heading\"><strong>Requisitos de ingreso: Secundario completo<\/strong><\/h3>\n\n\n\n<h3 class=\"wp-block-heading\"><\/h3>\n\n\n\n<h3 class=\"wp-block-heading\"><a><\/a><strong>TECNICATURA: REALIZADOR SUPERIOR EN ARTES VISUALES&nbsp; Especializado en Pintura\/Grabado\/Escultura<\/strong><\/h3>\n\n\n\n<h3 class=\"wp-block-heading\"><a><\/a><strong>PLAN DE ESTUDIOS<\/strong><\/h3>\n\n\n\n<p class=\"has-medium-font-size\">&nbsp;<strong>PRIMER A\u00d1O<\/strong><\/p>\n\n\n\n<p>Lenguaje Visual I&nbsp;&nbsp;&nbsp;&nbsp;&nbsp;&nbsp;&nbsp;&nbsp;&nbsp;&nbsp;&nbsp;&nbsp;&nbsp;&nbsp;&nbsp;&nbsp;&nbsp;&nbsp;&nbsp;&nbsp;&nbsp;&nbsp;&nbsp;&nbsp;&nbsp;&nbsp;&nbsp;&nbsp;&nbsp;&nbsp;&nbsp;&nbsp;&nbsp;&nbsp;&nbsp;&nbsp;&nbsp;&nbsp;&nbsp;&nbsp;&nbsp; (2)<br>Historia del Arte I (2 m\u00f3dulos)<br>Perspectiva Filos\u00f3fica (2 m\u00f3dulos)<br>Dibujo I (3 mod )<br>Pr\u00e1ctica Profesional I Pintura I (3 m\u00f3dulos )<br>Pr\u00e1ctica Profesional I Escultura I (3 m\u00f3dulos )<br>Pr\u00e1ctica Profesional I Grabado I (3&nbsp; m\u00f3dulos)<br>Espacio Institucional (2 m\u00f3dulos)<\/p>\n\n\n\n<p class=\"has-medium-font-size\">&nbsp;<strong>SEGUNDO A\u00d1O<\/strong><\/p>\n\n\n\n<p>Lenguaje Visual II (2 m\u00f3dulos)<br>Historia del Arte II (2 m\u00f3dulos)<br>Teor\u00edas de la Percepci\u00f3n y la Comunicaci\u00f3n (2 m\u00f3dulos)<br>Dibujo II (3 mod )<br>Pr\u00e1ctica Profesional II Pintura II (3&nbsp; m\u00f3dulos)<br>Pr\u00e1ctica Profesional II Escultura II (3&nbsp; m\u00f3dulos)<br>)Pr\u00e1ctica Profesional II Grabado II (3 m\u00f3dulos )<br>Espacio Institucional: Producci\u00f3n Art\u00edstica y Mediaci\u00f3n Tecnol\u00f3gica (2 m\u00f3dulos)<\/p>\n\n\n\n<h3 class=\"has-medium-font-size wp-block-heading\"><a><\/a><strong>TERCER A\u00d1O<\/strong><\/h3>\n\n\n\n<p>Medios Audiovisuales (3 m\u00f3dulos)<br>Historia del Arte III y Proyecto de An\u00e1lisis (3 m\u00f3dulos )<br>Dibujo III (3 M\u00f3dulos )<br>Pr\u00e1ctica Profesional III Pintura III (3 m\u00f3dulos)<br>Pr\u00e1ctica Profesional III Escultura III (3 m\u00f3dulos)<br>Pr\u00e1ctica Profesional III Grabado III (3 m\u00f3dulos)<br>Proyecto (3 m\u00f3dulos )<\/p>\n\n\n\n<hr class=\"wp-block-separator has-alpha-channel-opacity\"\/>\n\n\n\n<h3 class=\"has-medium-font-size wp-block-heading\"><strong>T\u00cdTULO: REALIZADOR EN ARTES VISUALES<\/strong><\/h3>\n\n\n\n<hr class=\"wp-block-separator has-alpha-channel-opacity\"\/>\n\n\n\n<h3 class=\"has-medium-font-size wp-block-heading\"><a><\/a><strong>CUARTO A\u00d1O<\/strong><\/h3>\n\n\n\n<p>Arte, Cultura y Est\u00e9tica del Mundo Contempor\u00e1neo (2 m\u00f3dulos )<br>Dibujo IV (3 m\u00f3dulos)<br>Pr\u00e1ctica Profesional IV &#8211; Taller Principal (6 m\u00f3dulos )<br>Pr\u00e1ctica Profesional IV- Taller complementario I (3 m\u00f3dulos)<br>Pr\u00e1ctica Profesional IV &#8211; Taller Complementario II (3 m\u00f3dulos )<br>Espacio Institucional (2 m\u00f3dulos)<br>Espacio Institucional (2 m\u00f3dulos)<\/p>\n\n\n\n<p class=\"has-medium-font-size\"><strong>T\u00cdTULO: REALIZADOR SUPERIOR EN ARTES VISUALES ESPECIALIZADO EN ESCULTURA\/ GRABADO\/ PINTURA<\/strong><\/p>\n","protected":false},"excerpt":{"rendered":"<p>Especializado en Pintura\/Grabado\/escultura Titulaci\u00f3n: Realizador Superior en Artes Visuales especializado en Pintura\/Grabado\/Escultura Duraci\u00f3n: 4 a\u00f1os T\u00edtulo intermedio: Realizador en Artes Visuales Resoluci\u00f3n N\u00b0 13253\/99 Duraci\u00f3n: 3 a\u00f1os Salida laboral: artistas\/hacedores capaces de insertarse en el campo art\u00edstico contempor\u00e1neo, articulando el aprendizaje en las disciplinas art\u00edsticas con una formaci\u00f3n cultural amplia en historia del arte, gesti\u00f3n &#8230; <a title=\"TECNICATURA \u00a0SUPERIOR REALIZADOR EN ARTES VISUALES\" class=\"read-more\" href=\"https:\/\/ipat-bue.infd.edu.ar\/sitio\/tecnicatura-superior-realizador-en-artes-visuales\/\" aria-label=\"More on TECNICATURA \u00a0SUPERIOR REALIZADOR EN ARTES VISUALES\">[+]<\/a><\/p>\n","protected":false},"author":36,"featured_media":0,"parent":0,"menu_order":2,"comment_status":"closed","ping_status":"closed","template":"","meta":[],"acf":[],"_links":{"self":[{"href":"https:\/\/ipat-bue.infd.edu.ar\/sitio\/wp-json\/wp\/v2\/pages\/1842"}],"collection":[{"href":"https:\/\/ipat-bue.infd.edu.ar\/sitio\/wp-json\/wp\/v2\/pages"}],"about":[{"href":"https:\/\/ipat-bue.infd.edu.ar\/sitio\/wp-json\/wp\/v2\/types\/page"}],"author":[{"embeddable":true,"href":"https:\/\/ipat-bue.infd.edu.ar\/sitio\/wp-json\/wp\/v2\/users\/36"}],"replies":[{"embeddable":true,"href":"https:\/\/ipat-bue.infd.edu.ar\/sitio\/wp-json\/wp\/v2\/comments?post=1842"}],"version-history":[{"count":1,"href":"https:\/\/ipat-bue.infd.edu.ar\/sitio\/wp-json\/wp\/v2\/pages\/1842\/revisions"}],"predecessor-version":[{"id":1843,"href":"https:\/\/ipat-bue.infd.edu.ar\/sitio\/wp-json\/wp\/v2\/pages\/1842\/revisions\/1843"}],"wp:attachment":[{"href":"https:\/\/ipat-bue.infd.edu.ar\/sitio\/wp-json\/wp\/v2\/media?parent=1842"}],"curies":[{"name":"wp","href":"https:\/\/api.w.org\/{rel}","templated":true}]}}